{"id":458,"date":"2019-01-23T06:31:31","date_gmt":"2019-01-23T11:31:31","guid":{"rendered":"https:\/\/solazstore.com\/about-us\/"},"modified":"2026-03-25T10:24:54","modified_gmt":"2026-03-25T15:24:54","slug":"nosotros","status":"publish","type":"page","link":"https:\/\/solazstore.com\/en\/nosotros\/","title":{"rendered":"Nosotros"},"content":{"rendered":"<h1>Nosotros<\/h1>\n<h3>Hemos trabajado duro estos a\u00f1os para poder ofrecerles los productos de mejor calidad a nuestros clientes.<\/h3>\n<p>Sombreros de paja toquilla, pintados a mano con dise\u00f1os \u00fanicos y personalizados a tu gusto!Solaz, no s\u00f3lo un sombrero, una obra de arte! Tenemos una nueva gama de colores y modelos en paja toquilla. Para todas las edadeshttps:\/\/www.youtube.com\/watch?v=c_DpyL-mRSo<\/p>\n<h2>Nuestro equipo<\/h2>\n<p>Un equipo a cargo de entregar los sombreros de mejor calidad con un toque de clase y sofisticaci\u00f3n en cada uno de nuestros productos, junto a los mejores acabados en nuestros sombreros personalizados<\/p>\n<figure><img decoding=\"async\" src=\"https:\/\/solazstore.com\/wp-content\/uploads\/2021\/10\/STEVEN.jpg\" alt=\"\" loading=\"lazy\" srcset=\"https:\/\/solazstore.com\/wp-content\/uploads\/2021\/10\/STEVEN.jpg 800w, https:\/\/solazstore.com\/wp-content\/uploads\/2021\/10\/STEVEN-300x300.jpg 300w, https:\/\/solazstore.com\/wp-content\/uploads\/2021\/10\/STEVEN-150x150.jpg 150w, https:\/\/solazstore.com\/wp-content\/uploads\/2021\/10\/STEVEN-768x766.jpg 768w, https:\/\/solazstore.com\/wp-content\/uploads\/2021\/10\/STEVEN-600x599.jpg 600w, https:\/\/solazstore.com\/wp-content\/uploads\/2021\/10\/STEVEN-100x100.jpg 100w\" sizes=\"auto, (max-width: 800px) 100vw, 800px\" width=\"800\" height=\"798\"><\/figure>\n<h3>Steven Lascano<\/h3>\n<p>Founder<\/p>\n<figure><img decoding=\"async\" src=\"https:\/\/solazstore.com\/wp-content\/uploads\/2021\/10\/MELVIN.jpg\" alt=\"\" loading=\"lazy\" srcset=\"https:\/\/solazstore.com\/wp-content\/uploads\/2021\/10\/MELVIN.jpg 800w, https:\/\/solazstore.com\/wp-content\/uploads\/2021\/10\/MELVIN-300x300.jpg 300w, https:\/\/solazstore.com\/wp-content\/uploads\/2021\/10\/MELVIN-150x150.jpg 150w, https:\/\/solazstore.com\/wp-content\/uploads\/2021\/10\/MELVIN-768x766.jpg 768w, https:\/\/solazstore.com\/wp-content\/uploads\/2021\/10\/MELVIN-600x599.jpg 600w, https:\/\/solazstore.com\/wp-content\/uploads\/2021\/10\/MELVIN-100x100.jpg 100w\" sizes=\"auto, (max-width: 800px) 100vw, 800px\" width=\"800\" height=\"798\"><\/figure>\n<h3>Kevin Lascano<\/h3>\n<p>Co-Founder<\/p>\n<figure><img decoding=\"async\" src=\"https:\/\/solazstore.com\/wp-content\/uploads\/2021\/10\/MOM.jpg\" alt=\"\" loading=\"lazy\" srcset=\"https:\/\/solazstore.com\/wp-content\/uploads\/2021\/10\/MOM.jpg 800w, https:\/\/solazstore.com\/wp-content\/uploads\/2021\/10\/MOM-300x300.jpg 300w, https:\/\/solazstore.com\/wp-content\/uploads\/2021\/10\/MOM-150x150.jpg 150w, https:\/\/solazstore.com\/wp-content\/uploads\/2021\/10\/MOM-768x766.jpg 768w, https:\/\/solazstore.com\/wp-content\/uploads\/2021\/10\/MOM-600x599.jpg 600w, https:\/\/solazstore.com\/wp-content\/uploads\/2021\/10\/MOM-100x100.jpg 100w\" sizes=\"auto, (max-width: 800px) 100vw, 800px\" width=\"800\" height=\"798\"><\/figure>\n<h3>Cristina Luzardo<\/h3>\n<p>Co-Founder<\/p>\n<h2>Interesado? Conoce nuestros productos aqu\u00ed<\/h2>\n<p>Sombreros y mas productos de alta calidad para hombre y mujer con la capacidad de poder personalizarlos a su estilo.<\/p>\n<p><a href=\"#\" role=\"button\"><br \/>\nIr a la tienda<br \/>\n<\/a><\/p>","protected":false},"excerpt":{"rendered":"<p>Nosotros Hemos trabajado duro estos a\u00f1os para poder ofrecerles los productos de mejor calidad a nuestros clientes. Sombreros de paja toquilla, pintados a mano con dise\u00f1os \u00fanicos y personalizados a tu gusto!Solaz, no s\u00f3lo un sombrero, una obra de arte! Tenemos una nueva gama de colores y modelos en paja toquilla. Para todas las edadeshttps:\/\/www.youtube.com\/watch?v=c_DpyL-mRSo [&hellip;]<\/p>\n","protected":false},"author":1,"featured_media":0,"parent":0,"menu_order":0,"comment_status":"closed","ping_status":"closed","template":"","meta":{"footnotes":""},"class_list":["post-458","page","type-page","status-publish","hentry"],"_links":{"self":[{"href":"https:\/\/solazstore.com\/en\/wp-json\/wp\/v2\/pages\/458","targetHints":{"allow":["GET"]}}],"collection":[{"href":"https:\/\/solazstore.com\/en\/wp-json\/wp\/v2\/pages"}],"about":[{"href":"https:\/\/solazstore.com\/en\/wp-json\/wp\/v2\/types\/page"}],"author":[{"embeddable":true,"href":"https:\/\/solazstore.com\/en\/wp-json\/wp\/v2\/users\/1"}],"replies":[{"embeddable":true,"href":"https:\/\/solazstore.com\/en\/wp-json\/wp\/v2\/comments?post=458"}],"version-history":[{"count":1,"href":"https:\/\/solazstore.com\/en\/wp-json\/wp\/v2\/pages\/458\/revisions"}],"predecessor-version":[{"id":1021,"href":"https:\/\/solazstore.com\/en\/wp-json\/wp\/v2\/pages\/458\/revisions\/1021"}],"wp:attachment":[{"href":"https:\/\/solazstore.com\/en\/wp-json\/wp\/v2\/media?parent=458"}],"curies":[{"name":"wp","href":"https:\/\/api.w.org\/{rel}","templated":true}]}}