{"id":740,"date":"2022-06-20T12:46:35","date_gmt":"2022-06-20T17:46:35","guid":{"rendered":"https:\/\/solazstore.com\/?post_type=product&#038;p=740"},"modified":"2022-06-29T10:31:48","modified_gmt":"2022-06-29T15:31:48","slug":"cartera-toquilla","status":"publish","type":"product","link":"https:\/\/solazstore.com\/en\/product\/cartera-toquilla\/","title":{"rendered":"Cartera Paja Toquilla Peque\u00f1a"},"content":{"rendered":"<p>CARTEA DE TOQUILLA TAMA\u00d1O PEQUE\u00d1O COLOR NATURAL<\/p>","protected":false},"excerpt":{"rendered":"<p>CARTEA DE TOQUILLA TAMA\u00d1O PEQUE\u00d1O COLOR NATURAL<\/p>","protected":false},"featured_media":781,"comment_status":"open","ping_status":"closed","template":"","meta":[],"product_brand":[],"product_cat":[41,38],"product_tag":[],"class_list":{"0":"post-740","1":"product","2":"type-product","3":"status-publish","4":"has-post-thumbnail","6":"product_cat-accesorios","7":"product_cat-carteras","9":"first","10":"instock","11":"taxable","12":"shipping-taxable","13":"product-type-simple"},"_links":{"self":[{"href":"https:\/\/solazstore.com\/en\/wp-json\/wp\/v2\/product\/740","targetHints":{"allow":["GET"]}}],"collection":[{"href":"https:\/\/solazstore.com\/en\/wp-json\/wp\/v2\/product"}],"about":[{"href":"https:\/\/solazstore.com\/en\/wp-json\/wp\/v2\/types\/product"}],"replies":[{"embeddable":true,"href":"https:\/\/solazstore.com\/en\/wp-json\/wp\/v2\/comments?post=740"}],"wp:featuredmedia":[{"embeddable":true,"href":"https:\/\/solazstore.com\/en\/wp-json\/wp\/v2\/media\/781"}],"wp:attachment":[{"href":"https:\/\/solazstore.com\/en\/wp-json\/wp\/v2\/media?parent=740"}],"wp:term":[{"taxonomy":"product_brand","embeddable":true,"href":"https:\/\/solazstore.com\/en\/wp-json\/wp\/v2\/product_brand?post=740"},{"taxonomy":"product_cat","embeddable":true,"href":"https:\/\/solazstore.com\/en\/wp-json\/wp\/v2\/product_cat?post=740"},{"taxonomy":"product_tag","embeddable":true,"href":"https:\/\/solazstore.com\/en\/wp-json\/wp\/v2\/product_tag?post=740"}],"curies":[{"name":"wp","href":"https:\/\/api.w.org\/{rel}","templated":true}]}}